{"id":69,"date":"2021-01-14T16:16:57","date_gmt":"2021-01-14T15:16:57","guid":{"rendered":"http:\/\/kukier.rad-kom.pl\/?page_id=69"},"modified":"2021-01-14T16:16:57","modified_gmt":"2021-01-14T15:16:57","slug":"obsluga-rynku-nieruchomosci","status":"publish","type":"page","link":"http:\/\/kukier-kancelaria.pl\/?page_id=69","title":{"rendered":"Obs\u0142uga rynku nieruchomo\u015bci"},"content":{"rendered":"\n<p>Oferujemy szeroki wachlarz us\u0142ug, kt\u00f3re gwarantuj\u0105 wymierne rezultaty i pozytywne efekty dla Pa\u0144stwa interes\u00f3w. Nasza oferta jest kompleksowa, obejmuj\u0105c poni\u017cszy wachlarz tematyczny:&nbsp;&#8211; przygotowywanie analiz prawnych dotycz\u0105cych nieruchomo\u015bci<br>&#8211; opracowywanie i opiniowanie um\u00f3w w zakresie obrotu nieruchomo\u015bciami<br>&#8211; uczestniczenie w negocjacjach um\u00f3w dotycz\u0105cych obrotu nieruchomo\u015bciami<br>&#8211; reprezentowanie w post\u0119powaniach administracyjnych, w tym uzyskiwanie zezwole\u0144 administracyjnych<br>&#8211; przygotowywanie ofert i reprezentowanie w procedurach przetargowych<\/p>\n","protected":false},"excerpt":{"rendered":"<p>Oferujemy szeroki wachlarz us\u0142ug, kt\u00f3re gwarantuj\u0105 wymierne rezultaty i pozytywne efekty dla Pa\u0144stwa interes\u00f3w. Nasza oferta jest kompleksowa, obejmuj\u0105c poni\u017cszy wachlarz tematyczny:&nbsp;&#8211; przygotowywanie analiz prawnych [&#8230;]<\/p>\n","protected":false},"author":1,"featured_media":0,"parent":0,"menu_order":0,"comment_status":"closed","ping_status":"closed","template":"","meta":{"footnotes":""},"class_list":["post-69","page","type-page","status-publish","hentry"],"_links":{"self":[{"href":"http:\/\/kukier-kancelaria.pl\/index.php?rest_route=\/wp\/v2\/pages\/69","targetHints":{"allow":["GET"]}}],"collection":[{"href":"http:\/\/kukier-kancelaria.pl\/index.php?rest_route=\/wp\/v2\/pages"}],"about":[{"href":"http:\/\/kukier-kancelaria.pl\/index.php?rest_route=\/wp\/v2\/types\/page"}],"author":[{"embeddable":true,"href":"http:\/\/kukier-kancelaria.pl\/index.php?rest_route=\/wp\/v2\/users\/1"}],"replies":[{"embeddable":true,"href":"http:\/\/kukier-kancelaria.pl\/index.php?rest_route=%2Fwp%2Fv2%2Fcomments&post=69"}],"version-history":[{"count":1,"href":"http:\/\/kukier-kancelaria.pl\/index.php?rest_route=\/wp\/v2\/pages\/69\/revisions"}],"predecessor-version":[{"id":70,"href":"http:\/\/kukier-kancelaria.pl\/index.php?rest_route=\/wp\/v2\/pages\/69\/revisions\/70"}],"wp:attachment":[{"href":"http:\/\/kukier-kancelaria.pl\/index.php?rest_route=%2Fwp%2Fv2%2Fmedia&parent=69"}],"curies":[{"name":"wp","href":"https:\/\/api.w.org\/{rel}","templated":true}]}}